{"id":2059,"date":"2024-03-07T09:08:34","date_gmt":"2024-03-07T07:08:34","guid":{"rendered":"https:\/\/pensiuneacsillag.ro\/ajanlatunk\/"},"modified":"2025-04-09T13:12:30","modified_gmt":"2025-04-09T10:12:30","slug":"ajanlatunk","status":"publish","type":"page","link":"https:\/\/pensiuneacsillag.ro\/hu\/ajanlatunk\/","title":{"rendered":"Aj\u00e1nlatunk"},"content":{"rendered":"\t\t<div data-elementor-type=\"wp-page\" data-elementor-id=\"2059\" class=\"elementor elementor-2059 elementor-1069\" data-elementor-post-type=\"page\">\n\t\t\t\t<div class=\"elementor-element elementor-element-b1946b5 e-flex e-con-boxed e-con e-parent\" data-id=\"b1946b5\" data-element_type=\"container\" data-e-type=\"container\" data-settings=\"{&quot;background_background&quot;:&quot;classic&quot;}\">\n\t\t\t\t\t<div class=\"e-con-inner\">\n\t\t\t\t<div class=\"elementor-element elementor-element-5757ef1 elementor-widget elementor-widget-heading\" data-id=\"5757ef1\" data-element_type=\"widget\" data-e-type=\"widget\" data-widget_type=\"heading.default\">\n\t\t\t\t<div class=\"elementor-widget-container\">\n\t\t\t\t\t<h1 class=\"elementor-heading-title elementor-size-default\">Aj\u00e1nlatunk<\/h1>\t\t\t\t<\/div>\n\t\t\t\t<\/div>\n\t\t\t\t\t<\/div>\n\t\t\t\t<\/div>\n\t\t<div class=\"elementor-element elementor-element-02296b3 e-flex e-con-boxed e-con e-parent\" data-id=\"02296b3\" data-element_type=\"container\" data-e-type=\"container\">\n\t\t\t\t\t<div class=\"e-con-inner\">\n\t\t<div class=\"elementor-element elementor-element-c552468 e-con-full e-flex e-con e-child\" data-id=\"c552468\" data-element_type=\"container\" data-e-type=\"container\">\n\t\t\t\t<div class=\"elementor-element elementor-element-e1c9a04 elementor-widget elementor-widget-image\" data-id=\"e1c9a04\" data-element_type=\"widget\" data-e-type=\"widget\" data-widget_type=\"image.default\">\n\t\t\t\t<div class=\"elementor-widget-container\">\n\t\t\t\t\t\t\t\t\t\t\t\t\t\t\t<img fetchpriority=\"high\" decoding=\"async\" width=\"800\" height=\"1000\" src=\"https:\/\/pensiuneacsillag.ro\/wp-content\/uploads\/2025\/04\/oferta-de-paste-2025-pensiunea-csillag-819x1024.jpg\" class=\"attachment-large size-large wp-image-2311\" alt=\"oferta de paste 2025 pensiunea csillag\" srcset=\"https:\/\/pensiuneacsillag.ro\/wp-content\/uploads\/2025\/04\/oferta-de-paste-2025-pensiunea-csillag-819x1024.jpg 819w, https:\/\/pensiuneacsillag.ro\/wp-content\/uploads\/2025\/04\/oferta-de-paste-2025-pensiunea-csillag-240x300.jpg 240w, https:\/\/pensiuneacsillag.ro\/wp-content\/uploads\/2025\/04\/oferta-de-paste-2025-pensiunea-csillag-768x960.jpg 768w, https:\/\/pensiuneacsillag.ro\/wp-content\/uploads\/2025\/04\/oferta-de-paste-2025-pensiunea-csillag.jpg 1080w\" sizes=\"(max-width: 800px) 100vw, 800px\" \/>\t\t\t\t\t\t\t\t\t\t\t\t\t\t\t<\/div>\n\t\t\t\t<\/div>\n\t\t\t\t<\/div>\n\t\t<div class=\"elementor-element elementor-element-5eb680f e-con-full e-flex e-con e-child\" data-id=\"5eb680f\" data-element_type=\"container\" data-e-type=\"container\">\n\t\t\t\t<div class=\"elementor-element elementor-element-0746317 elementor-widget elementor-widget-heading\" data-id=\"0746317\" data-element_type=\"widget\" data-e-type=\"widget\" data-widget_type=\"heading.default\">\n\t\t\t\t<div class=\"elementor-widget-container\">\n\t\t\t\t\t<h2 class=\"elementor-heading-title elementor-size-default\">H\u00fasv\u00e9ti Aj\u00e1nlat 2025<\/h2>\t\t\t\t<\/div>\n\t\t\t\t<\/div>\n\t\t\t\t<div class=\"elementor-element elementor-element-50c8be1 elementor-widget elementor-widget-text-editor\" data-id=\"50c8be1\" data-element_type=\"widget\" data-e-type=\"widget\" data-widget_type=\"text-editor.default\">\n\t\t\t\t<div class=\"elementor-widget-container\">\n\t\t\t\t\t\t\t\t\t<p>T\u00f6ltsd a h\u00fasv\u00e9ti \u00fcnnepeket egy var\u00e1zslatos helyen, ahol a pihen\u00e9s \u00e9s a felt\u00f6lt\u0151d\u00e9s garant\u00e1lt! K\u00fcl\u00f6nleges h\u00fasv\u00e9ti wellness csomagunk seg\u00edt, hogy a legszebb pillanatokat a lehet\u0151 legjobban ki\u00e9lvezhesd. <\/p>\n<p><strong>Az aj\u00e1nlat tartalma:<\/strong><\/p>\n<ul>\n<li>Sz\u00e1ll\u00e1sk\u00e9nyelmes szob\u00e1kban<\/li>\n<li>Demipensiune<\/li>\n<li>H\u00fasv\u00e9ti \u00fcnnepi vacsora \u2013 hagyom\u00e1nyos h\u00fasv\u00e9ti \u00e9telek<\/li>\n<li>Ingyenes bel\u00e9p\u00e9s a Cs\u00e1ng\u00f3 Wellnessbe \u2013 pihenj \u00e9s relax\u00e1lj a wellness szolg\u00e1ltat\u00e1sokkal<\/li>\n<\/ul>\n<p><span style=\"font-size: 1rem;\"><br \/>Foglalj most, \u00e9s t\u00f6ltsd el a h\u00fasv\u00e9ti h\u00e9tv\u00e9g\u00e9t a Csillag Panzi\u00f3ban!<\/span><\/p>\n\t\t\t\t\t\t\t\t<\/div>\n\t\t\t\t<\/div>\n\t\t\t\t<div class=\"elementor-element elementor-element-4501322 elementor-widget elementor-widget-button\" data-id=\"4501322\" data-element_type=\"widget\" data-e-type=\"widget\" data-widget_type=\"button.default\">\n\t\t\t\t<div class=\"elementor-widget-container\">\n\t\t\t\t\t\t\t\t\t<div class=\"elementor-button-wrapper\">\n\t\t\t\t\t<a class=\"elementor-button elementor-button-link elementor-size-sm\" href=\"https:\/\/csillag.pynbooking.direct\/\" target=\"_blank\" rel=\"noopener\">\n\t\t\t\t\t\t<span class=\"elementor-button-content-wrapper\">\n\t\t\t\t\t\t\t\t\t<span class=\"elementor-button-text\">Foglalj most!<\/span>\n\t\t\t\t\t<\/span>\n\t\t\t\t\t<\/a>\n\t\t\t\t<\/div>\n\t\t\t\t\t\t\t\t<\/div>\n\t\t\t\t<\/div>\n\t\t\t\t<\/div>\n\t\t\t\t\t<\/div>\n\t\t\t\t<\/div>\n\t\t<div class=\"elementor-element elementor-element-7c704ab elementor-hidden-desktop elementor-hidden-tablet elementor-hidden-mobile e-flex e-con-boxed e-con e-parent\" data-id=\"7c704ab\" data-element_type=\"container\" data-e-type=\"container\">\n\t\t\t\t\t<div class=\"e-con-inner\">\n\t\t\t\t<div class=\"elementor-element elementor-element-fcc93fb elementor-widget elementor-widget-heading\" data-id=\"fcc93fb\" data-element_type=\"widget\" data-e-type=\"widget\" data-widget_type=\"heading.default\">\n\t\t\t\t<div class=\"elementor-widget-container\">\n\t\t\t\t\t<h3 class=\"elementor-heading-title elementor-size-default\">Jelenleg nincs el\u00e9rhet\u0151 aj\u00e1nlatunk. <\/h3>\t\t\t\t<\/div>\n\t\t\t\t<\/div>\n\t\t\t\t\t<\/div>\n\t\t\t\t<\/div>\n\t\t<div class=\"elementor-element elementor-element-1cc8b63 e-flex e-con-boxed e-con e-parent\" data-id=\"1cc8b63\" data-element_type=\"container\" data-e-type=\"container\">\n\t\t\t\t\t<div class=\"e-con-inner\">\n\t\t<div class=\"elementor-element elementor-element-b713425 e-con-full e-flex e-con e-child\" data-id=\"b713425\" data-element_type=\"container\" data-e-type=\"container\" data-settings=\"{&quot;background_background&quot;:&quot;classic&quot;}\">\n\t\t\t\t<\/div>\n\t\t<div class=\"elementor-element elementor-element-2edd390 e-con-full e-flex e-con e-child\" data-id=\"2edd390\" data-element_type=\"container\" data-e-type=\"container\">\n\t\t\t\t<div class=\"elementor-element elementor-element-28ad18a elementor-widget__width-inherit elementor-widget elementor-widget-text-editor\" data-id=\"28ad18a\" data-element_type=\"widget\" data-e-type=\"widget\" data-widget_type=\"text-editor.default\">\n\t\t\t\t<div class=\"elementor-widget-container\">\n\t\t\t\t\t\t\t\t\t<h4>Szeretne \u00e9rtes\u00edt\u00e9st kapni szezon\u00e1lis aj\u00e1nlatainkr\u00f3l?<\/h4>\n<p>Adja meg e-mail c\u00edm\u00e9t, \u00e9s azonnal \u00e9rtes\u00edtj\u00fck, amint felker\u00fcl az aj\u00e1nlat!<\/p>\n\t\t\t\t\t\t\t\t<\/div>\n\t\t\t\t<\/div>\n\t\t\t\t<div class=\"elementor-element elementor-element-82035d4 elementor-button-align-stretch elementor-widget elementor-widget-form\" data-id=\"82035d4\" data-element_type=\"widget\" data-e-type=\"widget\" data-settings=\"{&quot;step_next_label&quot;:&quot;K\\u00f6vetkez\\u0151&quot;,&quot;step_previous_label&quot;:&quot;El\\u0151z\\u0151&quot;,&quot;button_width&quot;:&quot;40&quot;,&quot;step_type&quot;:&quot;number_text&quot;,&quot;step_icon_shape&quot;:&quot;circle&quot;}\" data-widget_type=\"form.default\">\n\t\t\t\t<div class=\"elementor-widget-container\">\n\t\t\t\t\t\t\t<form class=\"elementor-form\" method=\"post\" name=\"Newsletter\" aria-label=\"Newsletter\">\n\t\t\t<input type=\"hidden\" name=\"post_id\" value=\"2059\"\/>\n\t\t\t<input type=\"hidden\" name=\"form_id\" value=\"82035d4\"\/>\n\t\t\t<input type=\"hidden\" name=\"referer_title\" value=\"Aj\u00e1nlatunk - Csillag Panzi\u00f3\" \/>\n\n\t\t\t\t\t\t\t<input type=\"hidden\" name=\"queried_id\" value=\"2059\"\/>\n\t\t\t\n\t\t\t<div class=\"elementor-form-fields-wrapper elementor-labels-\">\n\t\t\t\t\t\t\t\t<div class=\"elementor-field-type-text elementor-field-group elementor-column elementor-field-group-field_ad499da elementor-col-50\">\n\t\t\t\t\t\t\t\t\t\t\t\t<label for=\"form-field-field_ad499da\" class=\"elementor-field-label elementor-screen-only\">\n\t\t\t\t\t\t\t\tKeresztn\u00e9v\t\t\t\t\t\t\t<\/label>\n\t\t\t\t\t\t\t\t\t\t\t\t\t\t<input size=\"1\" type=\"text\" name=\"form_fields[field_ad499da]\" id=\"form-field-field_ad499da\" class=\"elementor-field elementor-size-sm  elementor-field-textual\" placeholder=\"Keresztn\u00e9v\">\n\t\t\t\t\t\t\t\t\t\t\t<\/div>\n\t\t\t\t\t\t\t\t<div class=\"elementor-field-type-email elementor-field-group elementor-column elementor-field-group-email elementor-col-50 elementor-field-required\">\n\t\t\t\t\t\t\t\t\t\t\t\t<label for=\"form-field-email\" class=\"elementor-field-label elementor-screen-only\">\n\t\t\t\t\t\t\t\tEmail\t\t\t\t\t\t\t<\/label>\n\t\t\t\t\t\t\t\t\t\t\t\t\t\t<input size=\"1\" type=\"email\" name=\"form_fields[email]\" id=\"form-field-email\" class=\"elementor-field elementor-size-sm  elementor-field-textual\" placeholder=\"Az email c\u00edmed\" required=\"required\">\n\t\t\t\t\t\t\t\t\t\t\t<\/div>\n\t\t\t\t\t\t\t\t<div class=\"elementor-field-type-acceptance elementor-field-group elementor-column elementor-field-group-field_904fb9a elementor-col-100\">\n\t\t\t\t\t\t\t\t\t\t\t\t<label for=\"form-field-field_904fb9a\" class=\"elementor-field-label elementor-screen-only\">\n\t\t\t\t\t\t\t\tGdpr\t\t\t\t\t\t\t<\/label>\n\t\t\t\t\t\t\t\t<div class=\"elementor-field-subgroup\">\n\t\t\t<span class=\"elementor-field-option\">\n\t\t\t\t<input type=\"checkbox\" name=\"form_fields[field_904fb9a]\" id=\"form-field-field_904fb9a\" class=\"elementor-field elementor-size-sm  elementor-acceptance-field\">\n\t\t\t\t<label for=\"form-field-field_904fb9a\">Elfogadom az oldal <a href=\"https:\/\/pensiuneacsillag.ro\/politica-de-cookies\/\" style=\"color:inherit; text-decoration:underline;\">adatv\u00e9delmi szab\u00e1lyzat\u00e1t<\/a>.<\/label>\t\t\t<\/span>\n\t\t<\/div>\n\t\t\t\t\t\t<\/div>\n\t\t\t\t\t\t\t\t<div class=\"elementor-field-group elementor-column elementor-field-type-submit elementor-col-40 e-form__buttons\">\n\t\t\t\t\t<button class=\"elementor-button elementor-size-sm\" type=\"submit\">\n\t\t\t\t\t\t<span class=\"elementor-button-content-wrapper\">\n\t\t\t\t\t\t\t\t\t\t\t\t\t\t\t\t\t\t\t\t\t\t<span class=\"elementor-button-text\">K\u00fcld\u00e9s<\/span>\n\t\t\t\t\t\t\t\t\t\t\t\t\t<\/span>\n\t\t\t\t\t<\/button>\n\t\t\t\t<\/div>\n\t\t\t<\/div>\n\t\t<\/form>\n\t\t\t\t\t\t<\/div>\n\t\t\t\t<\/div>\n\t\t\t\t<\/div>\n\t\t\t\t\t<\/div>\n\t\t\t\t<\/div>\n\t\t\t\t<\/div>\n\t\t","protected":false},"excerpt":{"rendered":"<p>Aj\u00e1nlatunk H\u00fasv\u00e9ti Aj\u00e1nlat 2025 T\u00f6ltsd a h\u00fasv\u00e9ti \u00fcnnepeket egy var\u00e1zslatos helyen, ahol a pihen\u00e9s \u00e9s a felt\u00f6lt\u0151d\u00e9s garant\u00e1lt! K\u00fcl\u00f6nleges h\u00fasv\u00e9ti wellness csomagunk seg\u00edt, hogy a legszebb pillanatokat a lehet\u0151 legjobban ki\u00e9lvezhesd. Az aj\u00e1nlat tartalma: Sz\u00e1ll\u00e1sk\u00e9nyelmes szob\u00e1kban Demipensiune H\u00fasv\u00e9ti \u00fcnnepi vacsora \u2013 hagyom\u00e1nyos h\u00fasv\u00e9ti \u00e9telek Ingyenes bel\u00e9p\u00e9s a Cs\u00e1ng\u00f3 Wellnessbe \u2013 pihenj \u00e9s relax\u00e1lj a wellness [&hellip;]<\/p>\n","protected":false},"author":1,"featured_media":0,"parent":0,"menu_order":0,"comment_status":"closed","ping_status":"closed","template":"elementor_header_footer","meta":{"footnotes":""},"class_list":["post-2059","page","type-page","status-publish","hentry"],"_links":{"self":[{"href":"https:\/\/pensiuneacsillag.ro\/hu\/wp-json\/wp\/v2\/pages\/2059","targetHints":{"allow":["GET"]}}],"collection":[{"href":"https:\/\/pensiuneacsillag.ro\/hu\/wp-json\/wp\/v2\/pages"}],"about":[{"href":"https:\/\/pensiuneacsillag.ro\/hu\/wp-json\/wp\/v2\/types\/page"}],"author":[{"embeddable":true,"href":"https:\/\/pensiuneacsillag.ro\/hu\/wp-json\/wp\/v2\/users\/1"}],"replies":[{"embeddable":true,"href":"https:\/\/pensiuneacsillag.ro\/hu\/wp-json\/wp\/v2\/comments?post=2059"}],"version-history":[{"count":4,"href":"https:\/\/pensiuneacsillag.ro\/hu\/wp-json\/wp\/v2\/pages\/2059\/revisions"}],"predecessor-version":[{"id":2318,"href":"https:\/\/pensiuneacsillag.ro\/hu\/wp-json\/wp\/v2\/pages\/2059\/revisions\/2318"}],"wp:attachment":[{"href":"https:\/\/pensiuneacsillag.ro\/hu\/wp-json\/wp\/v2\/media?parent=2059"}],"curies":[{"name":"wp","href":"https:\/\/api.w.org\/{rel}","templated":true}]}}