{"id":2063,"date":"2024-03-07T09:08:08","date_gmt":"2024-03-07T07:08:08","guid":{"rendered":"https:\/\/pensiuneacsillag.ro\/etterem\/"},"modified":"2024-08-14T15:16:38","modified_gmt":"2024-08-14T12:16:38","slug":"etterem","status":"publish","type":"page","link":"https:\/\/pensiuneacsillag.ro\/hu\/etterem\/","title":{"rendered":"\u00c9tterem"},"content":{"rendered":"\t\t<div data-elementor-type=\"wp-page\" data-elementor-id=\"2063\" class=\"elementor elementor-2063 elementor-1064\" data-elementor-post-type=\"page\">\n\t\t\t\t<div class=\"elementor-element elementor-element-098fea5 e-flex e-con-boxed e-con e-parent\" data-id=\"098fea5\" data-element_type=\"container\" data-e-type=\"container\" data-settings=\"{&quot;background_background&quot;:&quot;classic&quot;}\">\n\t\t\t\t\t<div class=\"e-con-inner\">\n\t\t\t\t<div class=\"elementor-element elementor-element-86adae7 elementor-widget elementor-widget-heading\" data-id=\"86adae7\" data-element_type=\"widget\" data-e-type=\"widget\" data-widget_type=\"heading.default\">\n\t\t\t\t<div class=\"elementor-widget-container\">\n\t\t\t\t\t<h1 class=\"elementor-heading-title elementor-size-default\">\u00c9tterem<\/h1>\t\t\t\t<\/div>\n\t\t\t\t<\/div>\n\t\t\t\t\t<\/div>\n\t\t\t\t<\/div>\n\t\t<div class=\"elementor-element elementor-element-251c21c0 e-flex e-con-boxed e-con e-parent\" data-id=\"251c21c0\" data-element_type=\"container\" data-e-type=\"container\">\n\t\t\t\t\t<div class=\"e-con-inner\">\n\t\t<div class=\"elementor-element elementor-element-25e1c3f2 e-flex e-con-boxed e-con e-child\" data-id=\"25e1c3f2\" data-element_type=\"container\" data-e-type=\"container\">\n\t\t\t\t\t<div class=\"e-con-inner\">\n\t\t<div class=\"elementor-element elementor-element-6546dc71 e-con-full e-flex elementor-invisible e-con e-child\" data-id=\"6546dc71\" data-element_type=\"container\" data-e-type=\"container\" data-settings=\"{&quot;animation&quot;:&quot;fadeInLeft&quot;}\">\n\t\t\t\t<div class=\"elementor-element elementor-element-500190e7 elementor-widget-tablet__width-inherit elementor-widget elementor-widget-text-editor\" data-id=\"500190e7\" data-element_type=\"widget\" data-e-type=\"widget\" data-widget_type=\"text-editor.default\">\n\t\t\t\t<div class=\"elementor-widget-container\">\n\t\t\t\t\t\t\t\t\t<p>CSILLAG \u00c9TTEREM<\/p>\n\t\t\t\t\t\t\t\t<\/div>\n\t\t\t\t<\/div>\n\t\t\t\t<div class=\"elementor-element elementor-element-7ca73fde elementor-widget elementor-widget-heading\" data-id=\"7ca73fde\" data-element_type=\"widget\" data-e-type=\"widget\" data-widget_type=\"heading.default\">\n\t\t\t\t<div class=\"elementor-widget-container\">\n\t\t\t\t\t<h2 class=\"elementor-heading-title elementor-size-default\">\u00cdzletes \u00e9telek<\/h2>\t\t\t\t<\/div>\n\t\t\t\t<\/div>\n\t\t\t\t<div class=\"elementor-element elementor-element-6db9d614 elementor-widget elementor-widget-text-editor\" data-id=\"6db9d614\" data-element_type=\"widget\" data-e-type=\"widget\" data-widget_type=\"text-editor.default\">\n\t\t\t\t<div class=\"elementor-widget-container\">\n\t\t\t\t\t\t\t\t\t<p>Elragad\u00f3 \u00e9tterm\u00fcnk helyi \u00e9s nemzetk\u00f6zi kulin\u00e1ris finoms\u00e1gokkal kedveskedik, amelyek szeretettel \u00e9s a r\u00e9szletekre val\u00f3 odafigyel\u00e9ssel k\u00e9sz\u00fclnek, friss \u00e9s min\u0151s\u00e9gi helyi alapanyagokb\u00f3l.<\/p>\n\t\t\t\t\t\t\t\t<\/div>\n\t\t\t\t<\/div>\n\t\t\t\t<div class=\"elementor-element elementor-element-2a5035d6 elementor-position-inline-start elementor-mobile-position-inline-start elementor-view-default elementor-widget elementor-widget-icon-box\" data-id=\"2a5035d6\" data-element_type=\"widget\" data-e-type=\"widget\" data-widget_type=\"icon-box.default\">\n\t\t\t\t<div class=\"elementor-widget-container\">\n\t\t\t\t\t\t\t<div class=\"elementor-icon-box-wrapper\">\n\n\t\t\t\t\t\t<div class=\"elementor-icon-box-icon\">\n\t\t\t\t<a href=\"tel:0772272816\" class=\"elementor-icon\" tabindex=\"-1\" aria-label=\"Pizza rendel\u00e9s\">\n\t\t\t\t<svg xmlns=\"http:\/\/www.w3.org\/2000\/svg\" width=\"372\" height=\"372\" viewBox=\"0 0 372 372\" fill=\"none\"><g clip-path=\"url(#clip0_8_27)\"><path d=\"M125.94 0C159.11 0 192.28 0 225.45 0C241.44 0 251.39 9.89 251.4 25.8C251.41 48 251.46 70.2 251.33 92.39C251.31 95.17 251.95 95.85 254.76 95.84C284.94 95.72 315.11 95.76 345.29 95.77C361.2 95.77 371.11 105.72 371.11 121.71C371.11 196.16 371.11 270.61 371.11 345.06C371.11 361.24 361.21 371.14 345.05 371.14C310.51 371.14 275.97 371.14 241.43 371.14C225.47 371.14 215.49 361.21 215.49 345.33C215.49 299.31 215.45 253.3 215.56 207.28C215.56 204.18 214.86 203.43 211.74 203.45C186.18 203.59 160.62 203.58 135.05 203.45C132.26 203.44 131.57 204.1 131.6 206.89C131.76 220.85 131.69 234.82 131.67 248.79C131.66 256.27 127.71 261.56 121.06 263.1C114.99 264.51 109.09 261.44 105.84 255C97.73 238.9 89.63 222.8 81.69 206.62C80.53 204.26 79.3 203.43 76.67 203.45C59.59 203.58 42.5 203.53 25.42 203.51C10.08 203.51 0.01 193.4 0 177.96C0 127.21 0 76.45 0 25.7C0.01 10.02 10.02 0.01 25.69 0C59.11 0 92.53 0 125.94 0ZM125.72 11.98C92.43 11.98 59.15 11.98 25.86 11.98C16.71 11.98 11.98 16.63 11.98 25.67C11.98 76.41 11.98 127.16 11.98 177.9C11.98 186.86 16.64 191.56 25.52 191.56C45.09 191.57 64.67 191.62 84.24 191.5C86.72 191.48 87.94 192.22 89.03 194.44C97.94 212.51 106.97 230.51 116.01 248.51C116.57 249.63 116.77 251.59 118.6 251.13C120.39 250.68 119.7 248.85 119.7 247.59C119.74 230.26 119.85 212.93 119.62 195.6C119.57 192.01 120.73 191.49 123.93 191.5C153.23 191.62 182.52 191.5 211.82 191.66C215.06 191.68 215.58 190.74 215.57 187.75C215.44 165.18 215.45 142.62 215.52 120.05C215.56 107.49 224.18 97.59 236.64 96.02C239.23 95.69 239.48 94.8 239.48 92.65C239.42 70.33 239.45 48.02 239.44 25.7C239.44 16.58 234.78 11.98 225.59 11.98C192.3 11.98 159.02 11.98 125.73 11.98H125.72ZM293.68 155.65C272.73 155.65 251.78 155.71 230.84 155.58C228.05 155.56 227.39 156.23 227.4 159.02C227.5 200.67 227.5 242.32 227.4 283.97C227.4 286.76 228.04 287.42 230.84 287.41C272.49 287.31 314.13 287.31 355.78 287.41C358.57 287.41 359.23 286.77 359.22 283.97C359.12 242.32 359.12 200.67 359.22 159.02C359.22 156.23 358.58 155.56 355.78 155.57C335.08 155.7 314.38 155.64 293.68 155.64V155.65ZM293.46 299.31C272.52 299.31 251.58 299.36 230.65 299.24C228.02 299.23 227.38 299.87 227.4 302.49C227.54 316.95 227.45 331.41 227.47 345.87C227.48 354.3 232.27 359.16 240.62 359.16C275.77 359.18 310.91 359.18 346.06 359.16C354.21 359.16 359.12 354.28 359.14 346.18C359.17 331.6 359.07 317.01 359.22 302.43C359.25 299.71 358.42 299.24 355.9 299.25C335.09 299.36 314.27 299.31 293.46 299.31ZM293.09 143.67C314.03 143.67 334.97 143.62 355.9 143.73C358.43 143.74 359.3 143.26 359.21 140.54C358.99 133.69 359.21 126.83 359.12 119.98C359.03 112.82 353.98 107.78 346.78 107.78C311.14 107.74 275.49 107.74 239.85 107.78C232.49 107.78 227.53 112.88 227.47 120.31C227.41 127.04 227.6 133.78 227.39 140.5C227.31 143.15 228.04 143.76 230.65 143.74C251.46 143.62 272.28 143.67 293.09 143.67Z\" fill=\"#32416D\"><\/path><path d=\"M89.87 275.37C99.76 275.4 107.85 283.64 107.75 293.58C107.65 303.27 99.46 311.31 89.72 311.28C79.85 311.25 71.74 302.99 71.84 293.06C71.94 283.37 80.12 275.34 89.87 275.37Z\" fill=\"#C8A42C\"><\/path><path d=\"M155.63 293.19C155.68 303.1 147.51 311.3 137.62 311.28C127.9 311.26 119.78 303.16 119.73 293.45C119.68 283.53 127.83 275.35 137.74 275.37C147.47 275.39 155.58 283.47 155.63 293.19Z\" fill=\"#C8A42C\"><\/path><path d=\"M203.51 293.27C203.53 303.16 195.32 311.34 185.42 311.28C175.71 311.23 167.62 303.1 167.6 293.37C167.58 283.47 175.77 275.31 185.69 275.37C195.41 275.42 203.48 283.53 203.5 293.27H203.51Z\" fill=\"#C8A42C\"><\/path><path d=\"M119.57 167.62C100.74 167.62 81.9101 167.29 63.0901 167.76C53.5601 168 46.8701 162.66 47.8501 152.24C48.1001 149.64 47.8601 147.01 47.8901 144.39C47.9601 137.92 51.3401 133.31 57.5801 132.01C59.8301 131.54 59.9001 130.59 59.8901 128.84C59.8301 120.11 59.8101 111.38 59.8701 102.66C59.9901 86.05 67.3301 73.57 81.6101 65.19C83.2101 64.25 83.9101 63.38 83.8501 61.49C83.7101 57.01 83.7401 52.51 83.8201 48.03C83.9501 41.08 88.9701 36 95.9201 35.96C111.75 35.88 127.59 35.89 143.42 35.96C150.4 35.99 155.4 41.02 155.62 47.94C155.65 48.81 155.62 49.69 155.62 50.56C155.62 54.55 154.97 58.68 155.8 62.49C156.71 66.65 161.73 67.08 164.6 69.66C174.11 78.21 179.33 88.66 179.54 101.45C179.69 110.67 179.6 119.9 179.54 129.13C179.53 130.82 179.78 131.55 181.77 131.98C188.03 133.32 191.45 137.89 191.53 144.32C191.57 147.94 191.58 151.55 191.53 155.17C191.42 162.57 186.45 167.59 179.03 167.61C159.21 167.66 139.38 167.63 119.56 167.63L119.57 167.62ZM119.54 131.7C134.62 131.7 149.7 131.65 164.78 131.76C167.07 131.78 167.7 131.25 167.66 128.9C167.51 120.05 167.66 111.2 167.59 102.35C167.47 84.89 154.53 71.95 137.09 71.85C125.5 71.78 113.91 71.78 102.32 71.85C84.8801 71.95 71.9501 84.92 71.8501 102.38C71.8001 111.1 71.9601 119.83 71.7701 128.55C71.7101 131.24 72.4901 131.79 75.0601 131.76C89.8901 131.63 104.72 131.7 119.55 131.7H119.54ZM119.71 143.67C102.5 143.67 85.3001 143.67 68.0901 143.67C59.8501 143.67 60.0101 143.67 59.7701 151.9C59.6801 155.04 60.5201 155.73 63.6101 155.72C99.3901 155.6 135.18 155.64 170.96 155.64C179.61 155.64 179.47 155.64 179.65 147.03C179.71 144.21 178.97 143.58 176.19 143.6C157.36 143.74 138.54 143.67 119.71 143.67ZM119.9 47.89H105.35C98.5901 47.89 95.3901 51.2967 95.7501 58.11C95.8201 59.51 95.8201 60.17 97.7101 60.13C110.02 59.91 122.34 60 134.65 59.8C137.63 59.75 141.76 61.45 143.27 59.35C144.75 57.3 143.5 53.36 143.7 50.26C143.84 48.18 143.02 47.82 141.17 47.84C134.08 47.93 126.99 47.88 119.9 47.88V47.89Z\" fill=\"#32416D\"><\/path><path d=\"M329.84 201.15C337.48 215.57 337.3 229.98 328.66 243.73C320.1 257.37 307.21 264.11 291.14 263.23C274.45 262.31 262.11 253.84 255.21 238.6C248.43 223.63 250.17 208.99 260.22 196.02C275.17 176.72 301.07 174.13 320.22 189.49C320.9 190.03 321.64 190.5 322.35 191C313.11 201.61 303.85 212.21 294.67 222.87C293.43 224.3 292.68 224.54 291.27 223.03C289.5 221.14 287.85 217.92 285.6 217.98C283.17 218.05 281.65 221.4 279.61 223.2C279.24 223.53 278.94 223.95 278.54 224.25C277.21 225.27 277.41 226.14 278.56 227.25C281.53 230.1 284.38 233.07 287.32 235.95C289.36 237.94 291.5 241.4 293.55 241.36C295.53 241.33 297.5 237.71 299.39 235.58C309.55 224.12 319.69 212.63 329.83 201.15H329.84Z\" fill=\"#C8A42C\"><\/path><path d=\"M329.84 201.15C319.7 212.63 309.56 224.12 299.4 235.58C297.52 237.71 295.54 241.32 293.56 241.36C291.51 241.4 289.37 237.94 287.33 235.95C284.39 233.07 281.54 230.1 278.57 227.25C277.42 226.15 277.23 225.28 278.55 224.25C278.94 223.95 279.24 223.53 279.62 223.2C281.65 221.4 283.18 218.05 285.61 217.98C287.85 217.92 289.51 221.13 291.28 223.03C292.69 224.54 293.44 224.3 294.68 222.87C303.87 212.21 313.13 201.61 322.36 191C324.6 188.51 326.92 186.08 329.04 183.49C330.21 182.06 331.03 181.64 332.5 183.15C334.66 185.36 338.5 187.11 338.92 189.53C339.34 191.95 335.48 194.17 333.58 196.54C332.35 198.09 331.09 199.61 329.84 201.15Z\" fill=\"#32416D\"><\/path><path d=\"M293.31 311.29C299.03 311.29 304.76 311.26 310.48 311.29C318.17 311.34 323.13 316.22 323.22 323.83C323.27 327.56 323.29 331.3 323.22 335.03C323.08 341.98 318.12 347.11 311.22 347.17C299.27 347.27 287.33 347.27 275.38 347.17C268.65 347.11 263.59 342.05 263.4 335.39C263.29 331.29 263.29 327.17 263.4 323.07C263.58 316.39 268.63 311.42 275.38 311.3C281.35 311.2 287.33 311.28 293.3 311.28L293.31 311.29ZM293.06 335.23H302.78C311.31 335.23 311.21 335.23 311.32 326.5C311.35 323.97 310.84 323.12 308.13 323.19C300.28 323.39 292.43 323.26 284.57 323.26C275.05 323.26 275.14 323.26 275.27 332.74C275.3 335.06 276.16 335.31 278.09 335.27C283.07 335.15 288.06 335.23 293.05 335.23H293.06Z\" fill=\"#32416D\"><\/path><path d=\"M269.36 131.7C264.12 131.7 258.89 131.63 253.65 131.74C251.85 131.78 251.41 131.24 251.35 129.45C250.98 119.72 250.92 119.72 260.76 119.72C268.74 119.72 276.72 119.79 284.69 119.67C286.8 119.64 287.35 120.23 287.37 122.34C287.48 131.69 287.55 131.69 278.33 131.69C275.34 131.69 272.35 131.69 269.35 131.69L269.36 131.7Z\" fill=\"#32416D\"><\/path><path d=\"M305.59 131.7C301.39 131.7 299.29 129.56 299.29 125.28C299.29 121.573 301.18 119.72 304.96 119.72C309.16 119.72 311.26 121.86 311.26 126.14C311.26 129.847 309.37 131.7 305.59 131.7Z\" fill=\"#32416D\"><\/path><path d=\"M335.21 125.98C335.21 129.793 333.25 131.7 329.33 131.7C325.27 131.7 323.24 129.613 323.24 125.44C323.24 121.627 325.2 119.72 329.12 119.72C333.18 119.72 335.21 121.807 335.21 125.98Z\" fill=\"#32416D\"><\/path><path d=\"M160.66 98.56C160.73 99.55 159.92 99.57 159.45 99.82C157.04 101.08 154.54 102.2 152.17 103.53C150.74 104.34 150.05 104.05 149.26 102.65C146.26 97.36 142.08 93.15 136.78 90.17C135.36 89.37 135.03 88.65 135.93 87.27C136.53 86.34 136.94 85.29 137.44 84.29C139.547 80.09 142.567 79.3867 146.5 82.18C151.94 86.05 156.34 90.88 159.65 96.69C160.02 97.33 160.36 97.99 160.67 98.55L160.66 98.56Z\" fill=\"#32416D\"><\/path><\/g><defs><clipPath id=\"clip0_8_27\"><rect width=\"371.12\" height=\"371.15\" fill=\"white\"><\/rect><\/clipPath><\/defs><\/svg>\t\t\t\t<\/a>\n\t\t\t<\/div>\n\t\t\t\n\t\t\t\t\t\t<div class=\"elementor-icon-box-content\">\n\n\t\t\t\t\t\t\t\t\t<h3 class=\"elementor-icon-box-title\">\n\t\t\t\t\t\t<a href=\"tel:0772272816\" >\n\t\t\t\t\t\t\tPizza rendel\u00e9s\t\t\t\t\t\t<\/a>\n\t\t\t\t\t<\/h3>\n\t\t\t\t\n\t\t\t\t\t\t\t\t\t<p class=\"elementor-icon-box-description\">\n\t\t\t\t\t\t<a href=\"tel:0772272816\">H\u00edvj most 0772 272 816<\/a>\t\t\t\t\t<\/p>\n\t\t\t\t\n\t\t\t<\/div>\n\t\t\t\n\t\t<\/div>\n\t\t\t\t\t\t<\/div>\n\t\t\t\t<\/div>\n\t\t\t\t<\/div>\n\t\t<div class=\"elementor-element elementor-element-3fac225e e-con-full e-flex elementor-invisible e-con e-child\" data-id=\"3fac225e\" data-element_type=\"container\" data-e-type=\"container\" data-settings=\"{&quot;animation&quot;:&quot;fadeInRight&quot;}\">\n\t\t\t\t<div class=\"elementor-element elementor-element-7e9d13b3 elementor-widget elementor-widget-image\" data-id=\"7e9d13b3\" data-element_type=\"widget\" data-e-type=\"widget\" data-widget_type=\"image.default\">\n\t\t\t\t<div class=\"elementor-widget-container\">\n\t\t\t\t\t\t\t\t\t\t\t\t\t\t\t<img fetchpriority=\"high\" decoding=\"async\" width=\"800\" height=\"528\" src=\"https:\/\/pensiuneacsillag.ro\/wp-content\/uploads\/2024\/02\/farfurie-restaurant-csillag.webp\" class=\"attachment-large size-large wp-image-1907\" alt=\"\" srcset=\"https:\/\/pensiuneacsillag.ro\/wp-content\/uploads\/2024\/02\/farfurie-restaurant-csillag.webp 806w, https:\/\/pensiuneacsillag.ro\/wp-content\/uploads\/2024\/02\/farfurie-restaurant-csillag-300x198.webp 300w, https:\/\/pensiuneacsillag.ro\/wp-content\/uploads\/2024\/02\/farfurie-restaurant-csillag-768x507.webp 768w\" sizes=\"(max-width: 800px) 100vw, 800px\" \/>\t\t\t\t\t\t\t\t\t\t\t\t\t\t\t<\/div>\n\t\t\t\t<\/div>\n\t\t\t\t<\/div>\n\t\t\t\t\t<\/div>\n\t\t\t\t<\/div>\n\t\t<div class=\"elementor-element elementor-element-4f8d035 e-con-full e-flex e-con e-child\" data-id=\"4f8d035\" data-element_type=\"container\" data-e-type=\"container\">\n\t\t\t\t<div class=\"elementor-element elementor-element-8126ae5 elementor-widget elementor-widget-gallery\" data-id=\"8126ae5\" data-element_type=\"widget\" data-e-type=\"widget\" data-settings=\"{&quot;gallery_layout&quot;:&quot;masonry&quot;,&quot;columns&quot;:3,&quot;lazyload&quot;:&quot;yes&quot;,&quot;columns_tablet&quot;:2,&quot;columns_mobile&quot;:1,&quot;gap&quot;:{&quot;unit&quot;:&quot;px&quot;,&quot;size&quot;:10,&quot;sizes&quot;:[]},&quot;gap_tablet&quot;:{&quot;unit&quot;:&quot;px&quot;,&quot;size&quot;:10,&quot;sizes&quot;:[]},&quot;gap_mobile&quot;:{&quot;unit&quot;:&quot;px&quot;,&quot;size&quot;:10,&quot;sizes&quot;:[]},&quot;link_to&quot;:&quot;file&quot;,&quot;overlay_background&quot;:&quot;yes&quot;,&quot;content_hover_animation&quot;:&quot;fade-in&quot;}\" data-widget_type=\"gallery.default\">\n\t\t\t\t<div class=\"elementor-widget-container\">\n\t\t\t\t\t\t\t<div class=\"elementor-gallery__container\">\n\t\t\t\t\t\t\t<a class=\"e-gallery-item elementor-gallery-item elementor-animated-content\" href=\"https:\/\/pensiuneacsillag.ro\/wp-content\/uploads\/2024\/08\/pizza-vegetarianus-1.webp\" data-elementor-open-lightbox=\"yes\" data-elementor-lightbox-slideshow=\"8126ae5\" data-elementor-lightbox-title=\"pizza-vegetarianus.webp\" data-e-action-hash=\"#elementor-action%3Aaction%3Dlightbox%26settings%3DeyJpZCI6MjIwMSwidXJsIjoiaHR0cHM6XC9cL3BlbnNpdW5lYWNzaWxsYWcucm9cL3dwLWNvbnRlbnRcL3VwbG9hZHNcLzIwMjRcLzA4XC9waXp6YS12ZWdldGFyaWFudXMtMS53ZWJwIiwic2xpZGVzaG93IjoiODEyNmFlNSJ9\">\n\t\t\t\t\t<div class=\"e-gallery-image elementor-gallery-item__image\" data-thumbnail=\"https:\/\/pensiuneacsillag.ro\/wp-content\/uploads\/2024\/08\/pizza-vegetarianus-1.webp\" data-width=\"800\" data-height=\"800\" aria-label=\"\" role=\"img\" ><\/div>\n\t\t\t\t\t\t\t\t\t\t\t<div class=\"elementor-gallery-item__overlay\"><\/div>\n\t\t\t\t\t\t\t\t\t\t\t\t\t\t<\/a>\n\t\t\t\t\t\t\t<a class=\"e-gallery-item elementor-gallery-item elementor-animated-content\" href=\"https:\/\/pensiuneacsillag.ro\/wp-content\/uploads\/2024\/08\/pizza-bunicii-1.webp\" data-elementor-open-lightbox=\"yes\" data-elementor-lightbox-slideshow=\"8126ae5\" data-elementor-lightbox-title=\"pizza-bunicii.webp\" data-e-action-hash=\"#elementor-action%3Aaction%3Dlightbox%26settings%3DeyJpZCI6MjIwMywidXJsIjoiaHR0cHM6XC9cL3BlbnNpdW5lYWNzaWxsYWcucm9cL3dwLWNvbnRlbnRcL3VwbG9hZHNcLzIwMjRcLzA4XC9waXp6YS1idW5pY2lpLTEud2VicCIsInNsaWRlc2hvdyI6IjgxMjZhZTUifQ%3D%3D\">\n\t\t\t\t\t<div class=\"e-gallery-image elementor-gallery-item__image\" data-thumbnail=\"https:\/\/pensiuneacsillag.ro\/wp-content\/uploads\/2024\/08\/pizza-bunicii-1.webp\" data-width=\"800\" data-height=\"800\" aria-label=\"\" role=\"img\" ><\/div>\n\t\t\t\t\t\t\t\t\t\t\t<div class=\"elementor-gallery-item__overlay\"><\/div>\n\t\t\t\t\t\t\t\t\t\t\t\t\t\t<\/a>\n\t\t\t\t\t\t\t<a class=\"e-gallery-item elementor-gallery-item elementor-animated-content\" href=\"https:\/\/pensiuneacsillag.ro\/wp-content\/uploads\/2024\/08\/pizza-csango-1.webp\" data-elementor-open-lightbox=\"yes\" data-elementor-lightbox-slideshow=\"8126ae5\" data-elementor-lightbox-title=\"pizza-csango.webp\" data-e-action-hash=\"#elementor-action%3Aaction%3Dlightbox%26settings%3DeyJpZCI6MjIwNSwidXJsIjoiaHR0cHM6XC9cL3BlbnNpdW5lYWNzaWxsYWcucm9cL3dwLWNvbnRlbnRcL3VwbG9hZHNcLzIwMjRcLzA4XC9waXp6YS1jc2FuZ28tMS53ZWJwIiwic2xpZGVzaG93IjoiODEyNmFlNSJ9\">\n\t\t\t\t\t<div class=\"e-gallery-image elementor-gallery-item__image\" data-thumbnail=\"https:\/\/pensiuneacsillag.ro\/wp-content\/uploads\/2024\/08\/pizza-csango-1.webp\" data-width=\"800\" data-height=\"800\" aria-label=\"\" role=\"img\" ><\/div>\n\t\t\t\t\t\t\t\t\t\t\t<div class=\"elementor-gallery-item__overlay\"><\/div>\n\t\t\t\t\t\t\t\t\t\t\t\t\t\t<\/a>\n\t\t\t\t\t\t\t<a class=\"e-gallery-item elementor-gallery-item elementor-animated-content\" href=\"https:\/\/pensiuneacsillag.ro\/wp-content\/uploads\/2024\/08\/pizza-csillag-1.webp\" data-elementor-open-lightbox=\"yes\" data-elementor-lightbox-slideshow=\"8126ae5\" data-elementor-lightbox-title=\"pizza-csillag.webp\" data-e-action-hash=\"#elementor-action%3Aaction%3Dlightbox%26settings%3DeyJpZCI6MjIwNywidXJsIjoiaHR0cHM6XC9cL3BlbnNpdW5lYWNzaWxsYWcucm9cL3dwLWNvbnRlbnRcL3VwbG9hZHNcLzIwMjRcLzA4XC9waXp6YS1jc2lsbGFnLTEud2VicCIsInNsaWRlc2hvdyI6IjgxMjZhZTUifQ%3D%3D\">\n\t\t\t\t\t<div class=\"e-gallery-image elementor-gallery-item__image\" data-thumbnail=\"https:\/\/pensiuneacsillag.ro\/wp-content\/uploads\/2024\/08\/pizza-csillag-1.webp\" data-width=\"800\" data-height=\"800\" aria-label=\"\" role=\"img\" ><\/div>\n\t\t\t\t\t\t\t\t\t\t\t<div class=\"elementor-gallery-item__overlay\"><\/div>\n\t\t\t\t\t\t\t\t\t\t\t\t\t\t<\/a>\n\t\t\t\t\t\t\t<a class=\"e-gallery-item elementor-gallery-item elementor-animated-content\" href=\"https:\/\/pensiuneacsillag.ro\/wp-content\/uploads\/2024\/08\/pizza-diavola-1.webp\" data-elementor-open-lightbox=\"yes\" data-elementor-lightbox-slideshow=\"8126ae5\" data-elementor-lightbox-title=\"pizza-diavola.webp\" data-e-action-hash=\"#elementor-action%3Aaction%3Dlightbox%26settings%3DeyJpZCI6MjIwOSwidXJsIjoiaHR0cHM6XC9cL3BlbnNpdW5lYWNzaWxsYWcucm9cL3dwLWNvbnRlbnRcL3VwbG9hZHNcLzIwMjRcLzA4XC9waXp6YS1kaWF2b2xhLTEud2VicCIsInNsaWRlc2hvdyI6IjgxMjZhZTUifQ%3D%3D\">\n\t\t\t\t\t<div class=\"e-gallery-image elementor-gallery-item__image\" data-thumbnail=\"https:\/\/pensiuneacsillag.ro\/wp-content\/uploads\/2024\/08\/pizza-diavola-1.webp\" data-width=\"800\" data-height=\"800\" aria-label=\"\" role=\"img\" ><\/div>\n\t\t\t\t\t\t\t\t\t\t\t<div class=\"elementor-gallery-item__overlay\"><\/div>\n\t\t\t\t\t\t\t\t\t\t\t\t\t\t<\/a>\n\t\t\t\t\t\t\t<a class=\"e-gallery-item elementor-gallery-item elementor-animated-content\" href=\"https:\/\/pensiuneacsillag.ro\/wp-content\/uploads\/2024\/08\/pizza-folgaria-1.webp\" data-elementor-open-lightbox=\"yes\" data-elementor-lightbox-slideshow=\"8126ae5\" data-elementor-lightbox-title=\"pizza-folgaria.webp\" data-e-action-hash=\"#elementor-action%3Aaction%3Dlightbox%26settings%3DeyJpZCI6MjIxMSwidXJsIjoiaHR0cHM6XC9cL3BlbnNpdW5lYWNzaWxsYWcucm9cL3dwLWNvbnRlbnRcL3VwbG9hZHNcLzIwMjRcLzA4XC9waXp6YS1mb2xnYXJpYS0xLndlYnAiLCJzbGlkZXNob3ciOiI4MTI2YWU1In0%3D\">\n\t\t\t\t\t<div class=\"e-gallery-image elementor-gallery-item__image\" data-thumbnail=\"https:\/\/pensiuneacsillag.ro\/wp-content\/uploads\/2024\/08\/pizza-folgaria-1.webp\" data-width=\"800\" data-height=\"800\" aria-label=\"\" role=\"img\" ><\/div>\n\t\t\t\t\t\t\t\t\t\t\t<div class=\"elementor-gallery-item__overlay\"><\/div>\n\t\t\t\t\t\t\t\t\t\t\t\t\t\t<\/a>\n\t\t\t\t\t\t\t<a class=\"e-gallery-item elementor-gallery-item elementor-animated-content\" href=\"https:\/\/pensiuneacsillag.ro\/wp-content\/uploads\/2024\/08\/pizza-margarita-1.webp\" data-elementor-open-lightbox=\"yes\" data-elementor-lightbox-slideshow=\"8126ae5\" data-elementor-lightbox-title=\"pizza-margarita.webp\" data-e-action-hash=\"#elementor-action%3Aaction%3Dlightbox%26settings%3DeyJpZCI6MjIxMywidXJsIjoiaHR0cHM6XC9cL3BlbnNpdW5lYWNzaWxsYWcucm9cL3dwLWNvbnRlbnRcL3VwbG9hZHNcLzIwMjRcLzA4XC9waXp6YS1tYXJnYXJpdGEtMS53ZWJwIiwic2xpZGVzaG93IjoiODEyNmFlNSJ9\">\n\t\t\t\t\t<div class=\"e-gallery-image elementor-gallery-item__image\" data-thumbnail=\"https:\/\/pensiuneacsillag.ro\/wp-content\/uploads\/2024\/08\/pizza-margarita-1.webp\" data-width=\"800\" data-height=\"800\" aria-label=\"\" role=\"img\" ><\/div>\n\t\t\t\t\t\t\t\t\t\t\t<div class=\"elementor-gallery-item__overlay\"><\/div>\n\t\t\t\t\t\t\t\t\t\t\t\t\t\t<\/a>\n\t\t\t\t\t\t\t<a class=\"e-gallery-item elementor-gallery-item elementor-animated-content\" href=\"https:\/\/pensiuneacsillag.ro\/wp-content\/uploads\/2024\/08\/pizza-mortadella-1.webp\" data-elementor-open-lightbox=\"yes\" data-elementor-lightbox-slideshow=\"8126ae5\" data-elementor-lightbox-title=\"pizza-mortadella.webp\" data-e-action-hash=\"#elementor-action%3Aaction%3Dlightbox%26settings%3DeyJpZCI6MjIxNSwidXJsIjoiaHR0cHM6XC9cL3BlbnNpdW5lYWNzaWxsYWcucm9cL3dwLWNvbnRlbnRcL3VwbG9hZHNcLzIwMjRcLzA4XC9waXp6YS1tb3J0YWRlbGxhLTEud2VicCIsInNsaWRlc2hvdyI6IjgxMjZhZTUifQ%3D%3D\">\n\t\t\t\t\t<div class=\"e-gallery-image elementor-gallery-item__image\" data-thumbnail=\"https:\/\/pensiuneacsillag.ro\/wp-content\/uploads\/2024\/08\/pizza-mortadella-1.webp\" data-width=\"800\" data-height=\"800\" aria-label=\"\" role=\"img\" ><\/div>\n\t\t\t\t\t\t\t\t\t\t\t<div class=\"elementor-gallery-item__overlay\"><\/div>\n\t\t\t\t\t\t\t\t\t\t\t\t\t\t<\/a>\n\t\t\t\t\t\t\t<a class=\"e-gallery-item elementor-gallery-item elementor-animated-content\" href=\"https:\/\/pensiuneacsillag.ro\/wp-content\/uploads\/2024\/08\/pizza-negysajtos-1.webp\" data-elementor-open-lightbox=\"yes\" data-elementor-lightbox-slideshow=\"8126ae5\" data-elementor-lightbox-title=\"pizza-negysajtos.webp\" data-e-action-hash=\"#elementor-action%3Aaction%3Dlightbox%26settings%3DeyJpZCI6MjIxNywidXJsIjoiaHR0cHM6XC9cL3BlbnNpdW5lYWNzaWxsYWcucm9cL3dwLWNvbnRlbnRcL3VwbG9hZHNcLzIwMjRcLzA4XC9waXp6YS1uZWd5c2FqdG9zLTEud2VicCIsInNsaWRlc2hvdyI6IjgxMjZhZTUifQ%3D%3D\">\n\t\t\t\t\t<div class=\"e-gallery-image elementor-gallery-item__image\" data-thumbnail=\"https:\/\/pensiuneacsillag.ro\/wp-content\/uploads\/2024\/08\/pizza-negysajtos-1.webp\" data-width=\"800\" data-height=\"800\" aria-label=\"\" role=\"img\" ><\/div>\n\t\t\t\t\t\t\t\t\t\t\t<div class=\"elementor-gallery-item__overlay\"><\/div>\n\t\t\t\t\t\t\t\t\t\t\t\t\t\t<\/a>\n\t\t\t\t\t\t\t<a class=\"e-gallery-item elementor-gallery-item elementor-animated-content\" href=\"https:\/\/pensiuneacsillag.ro\/wp-content\/uploads\/2024\/08\/pizza-trufe-1.webp\" data-elementor-open-lightbox=\"yes\" data-elementor-lightbox-slideshow=\"8126ae5\" data-elementor-lightbox-title=\"pizza-trufe.webp\" data-e-action-hash=\"#elementor-action%3Aaction%3Dlightbox%26settings%3DeyJpZCI6MjIxOSwidXJsIjoiaHR0cHM6XC9cL3BlbnNpdW5lYWNzaWxsYWcucm9cL3dwLWNvbnRlbnRcL3VwbG9hZHNcLzIwMjRcLzA4XC9waXp6YS10cnVmZS0xLndlYnAiLCJzbGlkZXNob3ciOiI4MTI2YWU1In0%3D\">\n\t\t\t\t\t<div class=\"e-gallery-image elementor-gallery-item__image\" data-thumbnail=\"https:\/\/pensiuneacsillag.ro\/wp-content\/uploads\/2024\/08\/pizza-trufe-1.webp\" data-width=\"800\" data-height=\"800\" aria-label=\"\" role=\"img\" ><\/div>\n\t\t\t\t\t\t\t\t\t\t\t<div class=\"elementor-gallery-item__overlay\"><\/div>\n\t\t\t\t\t\t\t\t\t\t\t\t\t\t<\/a>\n\t\t\t\t\t<\/div>\n\t\t\t\t\t<\/div>\n\t\t\t\t<\/div>\n\t\t\t\t<\/div>\n\t\t\t\t\t<\/div>\n\t\t\t\t<\/div>\n\t\t\t\t<\/div>\n\t\t","protected":false},"excerpt":{"rendered":"<p>\u00c9tterem CSILLAG \u00c9TTEREM \u00cdzletes \u00e9telek Elragad\u00f3 \u00e9tterm\u00fcnk helyi \u00e9s nemzetk\u00f6zi kulin\u00e1ris finoms\u00e1gokkal kedveskedik, amelyek szeretettel \u00e9s a r\u00e9szletekre val\u00f3 odafigyel\u00e9ssel k\u00e9sz\u00fclnek, friss \u00e9s min\u0151s\u00e9gi helyi alapanyagokb\u00f3l. Pizza rendel\u00e9s H\u00edvj most 0772 272 816<\/p>\n","protected":false},"author":1,"featured_media":0,"parent":0,"menu_order":0,"comment_status":"closed","ping_status":"closed","template":"","meta":{"footnotes":""},"class_list":["post-2063","page","type-page","status-publish","hentry"],"_links":{"self":[{"href":"https:\/\/pensiuneacsillag.ro\/hu\/wp-json\/wp\/v2\/pages\/2063","targetHints":{"allow":["GET"]}}],"collection":[{"href":"https:\/\/pensiuneacsillag.ro\/hu\/wp-json\/wp\/v2\/pages"}],"about":[{"href":"https:\/\/pensiuneacsillag.ro\/hu\/wp-json\/wp\/v2\/types\/page"}],"author":[{"embeddable":true,"href":"https:\/\/pensiuneacsillag.ro\/hu\/wp-json\/wp\/v2\/users\/1"}],"replies":[{"embeddable":true,"href":"https:\/\/pensiuneacsillag.ro\/hu\/wp-json\/wp\/v2\/comments?post=2063"}],"version-history":[{"count":12,"href":"https:\/\/pensiuneacsillag.ro\/hu\/wp-json\/wp\/v2\/pages\/2063\/revisions"}],"predecessor-version":[{"id":2224,"href":"https:\/\/pensiuneacsillag.ro\/hu\/wp-json\/wp\/v2\/pages\/2063\/revisions\/2224"}],"wp:attachment":[{"href":"https:\/\/pensiuneacsillag.ro\/hu\/wp-json\/wp\/v2\/media?parent=2063"}],"curies":[{"name":"wp","href":"https:\/\/api.w.org\/{rel}","templated":true}]}}